{"id":809,"date":"2022-07-27T10:15:11","date_gmt":"2022-07-27T10:15:11","guid":{"rendered":"https:\/\/www.ppexport.eu\/?page_id=809"},"modified":"2024-12-12T15:44:55","modified_gmt":"2024-12-12T14:44:55","slug":"blumen-grosshandel","status":"publish","type":"page","link":"https:\/\/www.ppexport.eu\/de\/blumen-grosshandel\/","title":{"rendered":"Landingspagina &#8211; leverancier"},"content":{"rendered":"\t\t<div data-elementor-type=\"wp-page\" data-elementor-id=\"809\" class=\"elementor elementor-809 elementor-544\" data-elementor-post-type=\"page\">\n\t\t\t\t\t\t<section class=\"elementor-section elementor-top-section elementor-element elementor-element-7f990e64 elementor-reverse-mobile elementor-section-boxed elementor-section-height-default elementor-section-height-default\" data-id=\"7f990e64\" data-element_type=\"section\" data-e-type=\"section\" id=\"about\" data-settings=\"{&quot;background_background&quot;:&quot;classic&quot;}\">\n\t\t\t\t\t\t<div class=\"elementor-container elementor-column-gap-no\">\n\t\t\t\t\t<div class=\"elementor-column elementor-col-50 elementor-top-column elementor-element elementor-element-472deae9\" data-id=\"472deae9\" data-element_type=\"column\" data-e-type=\"column\">\n\t\t\t<div class=\"elementor-widget-wrap elementor-element-populated\">\n\t\t\t\t\t\t<div class=\"elementor-element elementor-element-7e35b3b elementor-widget elementor-widget-heading\" data-id=\"7e35b3b\" data-element_type=\"widget\" data-e-type=\"widget\" data-widget_type=\"heading.default\">\n\t\t\t\t<div class=\"elementor-widget-container\">\n\t\t\t\t\t<h1 class=\"elementor-heading-title elementor-size-large\">PPExport: Pflanzen- und Blumen grosshandel auf den Niederlanden. <\/h1>\t\t\t\t<\/div>\n\t\t\t\t<\/div>\n\t\t\t\t<div class=\"elementor-element elementor-element-6ba344c3 elementor-widget elementor-widget-text-editor\" data-id=\"6ba344c3\" data-element_type=\"widget\" data-e-type=\"widget\" data-widget_type=\"text-editor.default\">\n\t\t\t\t<div class=\"elementor-widget-container\">\n\t\t\t\t\t\t\t\t\t<p><strong>PPExport ist ein Pflanzen- und Blumen grosshandel auf den Niederlanden . Wir kaufen Blumen und Pflanzen und exportieren sie von der Blumenversteigerung in Aalsmeer nach Skandinavien, Mitteleuropa, Osteuropa und S\u00fcdeuropa.<\/strong><\/p><p>Sie arbeiten in einem Gartencenter oder Blumenladen und m\u00f6chten ein breiteres Angebot an hochwertigen Produkten? PPExport bietet ein einzigartiges Angebot durch unser eigenes Netzwerk von niederl\u00e4ndischen Z\u00fcchtern.<\/p><p>Wir sind f\u00fcr unsere Flexibilit\u00e4t und unseren guten Transport bekannt. Unser Schwerpunkt liegt auf einer hohen Kundenzufriedenheit, die wir durch ein hohes Serviceniveau und ein breites Angebot an hochwertigen Blumen und Pflanzen erreichen.<\/p><p>Bei uns sind Sie keine Nummer und wir behandeln jeden Kunden gleich. Wir gehen die extra Meile!<\/p><p><strong>Sind Sie interessiert oder w\u00fcnschen Sie weitere Informationen?\u00a0<\/strong><b>Fordern Sie eine Demo an und Sie erhalten von uns eine E-Mail mit weiteren Informationen und einem Testkonto, falls erforderlich.\u00a0<\/b><\/p>\t\t\t\t\t\t\t\t<\/div>\n\t\t\t\t<\/div>\n\t\t\t\t<div class=\"elementor-element elementor-element-8523985 elementor-align-left elementor-mobile-align-center elementor-widget__width-auto elementor-widget elementor-widget-button\" data-id=\"8523985\" data-element_type=\"widget\" data-e-type=\"widget\" data-widget_type=\"button.default\">\n\t\t\t\t<div class=\"elementor-widget-container\">\n\t\t\t\t\t\t\t\t\t<div class=\"elementor-button-wrapper\">\n\t\t\t\t\t<a class=\"elementor-button elementor-button-link elementor-size-sm\" href=\"https:\/\/g5g2wr8rscq.typeform.com\/to\/ZccZjY1f?utm_source=typeform&#038;utm_medium=landingspagina&#038;utm_campaign=DE\">\n\t\t\t\t\t\t<span class=\"elementor-button-content-wrapper\">\n\t\t\t\t\t\t\t\t\t<span class=\"elementor-button-text\">Demo-Anfrage<\/span>\n\t\t\t\t\t<\/span>\n\t\t\t\t\t<\/a>\n\t\t\t\t<\/div>\n\t\t\t\t\t\t\t\t<\/div>\n\t\t\t\t<\/div>\n\t\t\t\t\t<\/div>\n\t\t<\/div>\n\t\t\t\t<div class=\"elementor-column elementor-col-50 elementor-top-column elementor-element elementor-element-65c36674\" data-id=\"65c36674\" data-element_type=\"column\" data-e-type=\"column\">\n\t\t\t<div class=\"elementor-widget-wrap elementor-element-populated\">\n\t\t\t\t\t\t<div class=\"elementor-element elementor-element-f19eff2 elementor-invisible elementor-widget elementor-widget-image\" data-id=\"f19eff2\" data-element_type=\"widget\" data-e-type=\"widget\" data-settings=\"{&quot;_animation&quot;:&quot;fadeInRight&quot;}\" data-widget_type=\"image.default\">\n\t\t\t\t<div class=\"elementor-widget-container\">\n\t\t\t\t\t\t\t\t\t\t\t\t\t\t\t<img fetchpriority=\"high\" decoding=\"async\" width=\"800\" height=\"800\" src=\"https:\/\/www.ppexport.eu\/wp-content\/uploads\/2022\/07\/header-afbeelding-min.png\" class=\"attachment-large size-large wp-image-791\" alt=\"Bloemen groothandel\" srcset=\"https:\/\/www.ppexport.eu\/wp-content\/uploads\/2022\/07\/header-afbeelding-min.png 800w, https:\/\/www.ppexport.eu\/wp-content\/uploads\/2022\/07\/header-afbeelding-min-300x300.png 300w, https:\/\/www.ppexport.eu\/wp-content\/uploads\/2022\/07\/header-afbeelding-min-150x150.png 150w, https:\/\/www.ppexport.eu\/wp-content\/uploads\/2022\/07\/header-afbeelding-min-768x768.png 768w\" sizes=\"(max-width: 800px) 100vw, 800px\" \/>\t\t\t\t\t\t\t\t\t\t\t\t\t\t\t<\/div>\n\t\t\t\t<\/div>\n\t\t\t\t\t<\/div>\n\t\t<\/div>\n\t\t\t\t\t<\/div>\n\t\t<\/section>\n\t\t\t\t<section class=\"elementor-section elementor-top-section elementor-element elementor-element-fc961a3 elementor-section-full_width elementor-section-height-default elementor-section-height-default\" data-id=\"fc961a3\" data-element_type=\"section\" data-e-type=\"section\" id=\"diensten\" data-settings=\"{&quot;background_background&quot;:&quot;classic&quot;}\">\n\t\t\t\t\t\t<div class=\"elementor-container elementor-column-gap-no\">\n\t\t\t\t\t<div class=\"elementor-column elementor-col-50 elementor-top-column elementor-element elementor-element-6f0d68a elementor-hidden-phone\" data-id=\"6f0d68a\" data-element_type=\"column\" data-e-type=\"column\">\n\t\t\t<div class=\"elementor-widget-wrap\">\n\t\t\t\t\t\t\t<\/div>\n\t\t<\/div>\n\t\t\t\t<div class=\"elementor-column elementor-col-50 elementor-top-column elementor-element elementor-element-6aa6c4f\" data-id=\"6aa6c4f\" data-element_type=\"column\" data-e-type=\"column\" data-settings=\"{&quot;background_background&quot;:&quot;classic&quot;}\">\n\t\t\t<div class=\"elementor-widget-wrap elementor-element-populated\">\n\t\t\t\t\t\t<div class=\"elementor-element elementor-element-54308f8 elementor-widget elementor-widget-heading\" data-id=\"54308f8\" data-element_type=\"widget\" data-e-type=\"widget\" data-widget_type=\"heading.default\">\n\t\t\t\t<div class=\"elementor-widget-container\">\n\t\t\t\t\t<h3 class=\"elementor-heading-title elementor-size-large\">Wie wir etwas bewirken<\/h3>\t\t\t\t<\/div>\n\t\t\t\t<\/div>\n\t\t\t\t<div class=\"elementor-element elementor-element-f479c99 elementor-widget elementor-widget-text-editor\" data-id=\"f479c99\" data-element_type=\"widget\" data-e-type=\"widget\" data-widget_type=\"text-editor.default\">\n\t\t\t\t<div class=\"elementor-widget-container\">\n\t\t\t\t\t\t\t\t\tDank unserer engen Zusammenarbeit mit f\u00fchrenden Z\u00fcchtern haben wir stets Zugang zu Pflanzen und Blumen in Spitzenqualit\u00e4t zu einem fairen Preis. Durch eine gezielte Auswahl der Farbe, der Pflanzenart und der umweltfreundlichen Verpackung k\u00f6nnen wir die gew\u00fcnschte Qualit\u00e4t konstant liefern. Neben der Zusammenarbeit mit den Erzeugern kaufen wir auch t\u00e4glich \u00fcber die Uhr in Aalsmeer ein.\r\n\r\nWir arbeiten gerne an einer engen, langfristigen Beziehung. Dadurch wird sichergestellt, dass wir ein zuverl\u00e4ssiger Lieferant werden und Ihnen zu einem gesunden Gesch\u00e4ft verhelfen k\u00f6nnen.\r\n\r\nBei uns haben Sie einen Ansprechpartner, um den pers\u00f6nlichen Kontakt so angenehm wie m\u00f6glich zu gestalten. Dies erm\u00f6glicht es uns, Sie vollst\u00e4ndig zu entlasten.\t\t\t\t\t\t\t\t<\/div>\n\t\t\t\t<\/div>\n\t\t\t\t\t<\/div>\n\t\t<\/div>\n\t\t\t\t\t<\/div>\n\t\t<\/section>\n\t\t\t\t<section class=\"elementor-section elementor-top-section elementor-element elementor-element-ca610ce elementor-section-full_width elementor-section-height-default elementor-section-height-default\" data-id=\"ca610ce\" data-element_type=\"section\" data-e-type=\"section\" data-settings=\"{&quot;background_background&quot;:&quot;classic&quot;}\">\n\t\t\t\t\t\t<div class=\"elementor-container elementor-column-gap-no\">\n\t\t\t\t\t<div class=\"elementor-column elementor-col-50 elementor-top-column elementor-element elementor-element-e7324cf\" data-id=\"e7324cf\" data-element_type=\"column\" data-e-type=\"column\" data-settings=\"{&quot;background_background&quot;:&quot;classic&quot;}\">\n\t\t\t<div class=\"elementor-widget-wrap elementor-element-populated\">\n\t\t\t\t\t\t<div class=\"elementor-element elementor-element-cfd902f elementor-widget elementor-widget-heading\" data-id=\"cfd902f\" data-element_type=\"widget\" data-e-type=\"widget\" data-widget_type=\"heading.default\">\n\t\t\t\t<div class=\"elementor-widget-container\">\n\t\t\t\t\t<h3 class=\"elementor-heading-title elementor-size-large\">Transport<\/h3>\t\t\t\t<\/div>\n\t\t\t\t<\/div>\n\t\t\t\t<div class=\"elementor-element elementor-element-c9a0f1c elementor-widget elementor-widget-text-editor\" data-id=\"c9a0f1c\" data-element_type=\"widget\" data-e-type=\"widget\" data-widget_type=\"text-editor.default\">\n\t\t\t\t<div class=\"elementor-widget-container\">\n\t\t\t\t\t\t\t\t\tWir verf\u00fcgen \u00fcber ein zuverl\u00e4ssiges und breites Netz erfahrener Transporteure, die \u00fcber konditionierte Lkw verf\u00fcgen. Gemeinsam sorgen wir daf\u00fcr, dass Ihre Pflanzen und Blumen in bester Qualit\u00e4t bei Ihnen ankommen.\r\n\r\nT\u00e4gliche Transporte sorgen daf\u00fcr, dass die bestellten Produkte so schnell wie m\u00f6glich ausgeliefert werden. Diese schnelle Kette garantiert die Frische der Pflanzen und Blumen.\t\t\t\t\t\t\t\t<\/div>\n\t\t\t\t<\/div>\n\t\t\t\t\t<\/div>\n\t\t<\/div>\n\t\t\t\t<div class=\"elementor-column elementor-col-50 elementor-top-column elementor-element elementor-element-5964002\" data-id=\"5964002\" data-element_type=\"column\" data-e-type=\"column\">\n\t\t\t<div class=\"elementor-widget-wrap elementor-element-populated\">\n\t\t\t\t\t\t<div class=\"elementor-element elementor-element-79cc7b1 elementor-invisible elementor-widget elementor-widget-image\" data-id=\"79cc7b1\" data-element_type=\"widget\" data-e-type=\"widget\" data-settings=\"{&quot;_animation&quot;:&quot;fadeInRight&quot;}\" data-widget_type=\"image.default\">\n\t\t\t\t<div class=\"elementor-widget-container\">\n\t\t\t\t\t\t\t\t\t\t\t\t\t\t\t<img decoding=\"async\" width=\"800\" height=\"800\" src=\"https:\/\/www.ppexport.eu\/wp-content\/uploads\/2022\/07\/nick-min.png\" class=\"attachment-large size-large wp-image-799\" alt=\"Bloemen groothandel\" srcset=\"https:\/\/www.ppexport.eu\/wp-content\/uploads\/2022\/07\/nick-min.png 800w, https:\/\/www.ppexport.eu\/wp-content\/uploads\/2022\/07\/nick-min-300x300.png 300w, https:\/\/www.ppexport.eu\/wp-content\/uploads\/2022\/07\/nick-min-150x150.png 150w, https:\/\/www.ppexport.eu\/wp-content\/uploads\/2022\/07\/nick-min-768x768.png 768w\" sizes=\"(max-width: 800px) 100vw, 800px\" \/>\t\t\t\t\t\t\t\t\t\t\t\t\t\t\t<\/div>\n\t\t\t\t<\/div>\n\t\t\t\t\t<\/div>\n\t\t<\/div>\n\t\t\t\t\t<\/div>\n\t\t<\/section>\n\t\t\t\t<section class=\"elementor-section elementor-top-section elementor-element elementor-element-691fd14 elementor-section-content-middle elementor-section-full_width elementor-section-height-default elementor-section-height-default\" data-id=\"691fd14\" data-element_type=\"section\" data-e-type=\"section\" id=\"contact\">\n\t\t\t\t\t\t<div class=\"elementor-container elementor-column-gap-no\">\n\t\t\t\t\t<div class=\"elementor-column elementor-col-100 elementor-top-column elementor-element elementor-element-56754ff\" data-id=\"56754ff\" data-element_type=\"column\" data-e-type=\"column\" data-settings=\"{&quot;background_background&quot;:&quot;classic&quot;}\">\n\t\t\t<div class=\"elementor-widget-wrap elementor-element-populated\">\n\t\t\t\t\t\t<div class=\"elementor-element elementor-element-c11b8e8 elementor-widget elementor-widget-heading\" data-id=\"c11b8e8\" data-element_type=\"widget\" data-e-type=\"widget\" data-widget_type=\"heading.default\">\n\t\t\t\t<div class=\"elementor-widget-container\">\n\t\t\t\t\t<h4 class=\"elementor-heading-title elementor-size-large\">Kontaktieren Sie uns<\/h4>\t\t\t\t<\/div>\n\t\t\t\t<\/div>\n\t\t\t\t<div class=\"elementor-element elementor-element-f5439ec elementor-widget elementor-widget-text-editor\" data-id=\"f5439ec\" data-element_type=\"widget\" data-e-type=\"widget\" data-widget_type=\"text-editor.default\">\n\t\t\t\t<div class=\"elementor-widget-container\">\n\t\t\t\t\t\t\t\t\tHaben Sie Fragen zu unseren Dienstleistungen oder einem Testkonto? Unser Team ist bereit, Ihnen zu helfen.\t\t\t\t\t\t\t\t<\/div>\n\t\t\t\t<\/div>\n\t\t\t\t<div class=\"elementor-element elementor-element-28fb2a5 elementor-align-center elementor-mobile-align-center elementor-widget elementor-widget-button\" data-id=\"28fb2a5\" data-element_type=\"widget\" data-e-type=\"widget\" data-widget_type=\"button.default\">\n\t\t\t\t<div class=\"elementor-widget-container\">\n\t\t\t\t\t\t\t\t\t<div class=\"elementor-button-wrapper\">\n\t\t\t\t\t<a class=\"elementor-button elementor-button-link elementor-size-sm\" href=\"https:\/\/g5g2wr8rscq.typeform.com\/to\/ZccZjY1f?utm_source=typeform&#038;utm_medium=landingspagina&#038;utm_campaign=DE\">\n\t\t\t\t\t\t<span class=\"elementor-button-content-wrapper\">\n\t\t\t\t\t\t\t\t\t<span class=\"elementor-button-text\">Kontakt aufnehmen<\/span>\n\t\t\t\t\t<\/span>\n\t\t\t\t\t<\/a>\n\t\t\t\t<\/div>\n\t\t\t\t\t\t\t\t<\/div>\n\t\t\t\t<\/div>\n\t\t\t\t<div class=\"elementor-element elementor-element-9d6e680 elementor-widget elementor-widget-spacer\" data-id=\"9d6e680\" data-element_type=\"widget\" data-e-type=\"widget\" data-widget_type=\"spacer.default\">\n\t\t\t\t<div class=\"elementor-widget-container\">\n\t\t\t\t\t\t\t<div class=\"elementor-spacer\">\n\t\t\t<div class=\"elementor-spacer-inner\"><\/div>\n\t\t<\/div>\n\t\t\t\t\t\t<\/div>\n\t\t\t\t<\/div>\n\t\t\t\t<div class=\"elementor-element elementor-element-98491ce elementor-widget elementor-widget-text-editor\" data-id=\"98491ce\" data-element_type=\"widget\" data-e-type=\"widget\" data-widget_type=\"text-editor.default\">\n\t\t\t\t<div class=\"elementor-widget-container\">\n\t\t\t\t\t\t\t\t\t<p>zur\u00fcck zur <a href=\"https:\/\/www.ppexport.eu\/de\/\">Homepage &gt;<\/a><\/p>\t\t\t\t\t\t\t\t<\/div>\n\t\t\t\t<\/div>\n\t\t\t\t\t<\/div>\n\t\t<\/div>\n\t\t\t\t\t<\/div>\n\t\t<\/section>\n\t\t\t\t<\/div>\n\t\t","protected":false},"excerpt":{"rendered":"<p>PPExport: Pflanzen- und Blumen grosshandel auf den Niederlanden. PPExport ist ein Pflanzen- und Blumen grosshandel auf den Niederlanden . Wir kaufen Blumen und Pflanzen und exportieren sie von der Blumenversteigerung in Aalsmeer nach Skandinavien, Mitteleuropa, Osteuropa und S\u00fcdeuropa. Sie arbeiten in einem Gartencenter oder Blumenladen und m\u00f6chten ein breiteres Angebot an hochwertigen Produkten? PPExport bietet [&hellip;]<\/p>\n","protected":false},"author":1,"featured_media":0,"parent":0,"menu_order":0,"comment_status":"closed","ping_status":"closed","template":"","meta":{"footnotes":""},"class_list":["post-809","page","type-page","status-publish","hentry"],"yoast_head":"<!-- This site is optimized with the Yoast SEO plugin v27.4 - https:\/\/yoast.com\/product\/yoast-seo-wordpress\/ -->\n<title>Pflanzen- und Blumen grosshandel | PPExport in den Niederlanden<\/title>\n<meta name=\"description\" content=\"PPExport ist ein Pflanzen- und Blumen grosshandel in den Niederlanden. Kontaktieren Sie uns f\u00fcr weitere Informationen.\" \/>\n<meta name=\"robots\" content=\"index, follow, max-snippet:-1, max-image-preview:large, max-video-preview:-1\" \/>\n<link rel=\"canonical\" href=\"https:\/\/www.ppexport.eu\/de\/blumen-grosshandel\/\" \/>\n<meta property=\"og:locale\" content=\"de_DE\" \/>\n<meta property=\"og:type\" content=\"article\" \/>\n<meta property=\"og:title\" content=\"Pflanzen- und Blumen grosshandel | PPExport in den Niederlanden\" \/>\n<meta property=\"og:description\" content=\"PPExport ist ein Pflanzen- und Blumen grosshandel in den Niederlanden. Kontaktieren Sie uns f\u00fcr weitere Informationen.\" \/>\n<meta property=\"og:url\" content=\"https:\/\/www.ppexport.eu\/de\/blumen-grosshandel\/\" \/>\n<meta property=\"og:site_name\" content=\"PP export\" \/>\n<meta property=\"article:modified_time\" content=\"2024-12-12T14:44:55+00:00\" \/>\n<meta property=\"og:image\" content=\"https:\/\/www.ppexport.eu\/wp-content\/uploads\/2022\/07\/header-afbeelding-min.png\" \/>\n<meta name=\"twitter:card\" content=\"summary_large_image\" \/>\n<meta name=\"twitter:label1\" content=\"Gesch\u00e4tzte Lesezeit\" \/>\n\t<meta name=\"twitter:data1\" content=\"3\u00a0Minuten\" \/>\n<script type=\"application\/ld+json\" class=\"yoast-schema-graph\">{\"@context\":\"https:\\\/\\\/schema.org\",\"@graph\":[{\"@type\":\"WebPage\",\"@id\":\"https:\\\/\\\/www.ppexport.eu\\\/de\\\/blumen-grosshandel\\\/\",\"url\":\"https:\\\/\\\/www.ppexport.eu\\\/de\\\/blumen-grosshandel\\\/\",\"name\":\"Pflanzen- und Blumen grosshandel | PPExport in den Niederlanden\",\"isPartOf\":{\"@id\":\"https:\\\/\\\/www.ppexport.eu\\\/#website\"},\"primaryImageOfPage\":{\"@id\":\"https:\\\/\\\/www.ppexport.eu\\\/de\\\/blumen-grosshandel\\\/#primaryimage\"},\"image\":{\"@id\":\"https:\\\/\\\/www.ppexport.eu\\\/de\\\/blumen-grosshandel\\\/#primaryimage\"},\"thumbnailUrl\":\"https:\\\/\\\/www.ppexport.eu\\\/wp-content\\\/uploads\\\/2022\\\/07\\\/header-afbeelding-min.png\",\"datePublished\":\"2022-07-27T10:15:11+00:00\",\"dateModified\":\"2024-12-12T14:44:55+00:00\",\"description\":\"PPExport ist ein Pflanzen- und Blumen grosshandel in den Niederlanden. Kontaktieren Sie uns f\u00fcr weitere Informationen.\",\"breadcrumb\":{\"@id\":\"https:\\\/\\\/www.ppexport.eu\\\/de\\\/blumen-grosshandel\\\/#breadcrumb\"},\"inLanguage\":\"de\",\"potentialAction\":[{\"@type\":\"ReadAction\",\"target\":[\"https:\\\/\\\/www.ppexport.eu\\\/de\\\/blumen-grosshandel\\\/\"]}]},{\"@type\":\"ImageObject\",\"inLanguage\":\"de\",\"@id\":\"https:\\\/\\\/www.ppexport.eu\\\/de\\\/blumen-grosshandel\\\/#primaryimage\",\"url\":\"https:\\\/\\\/www.ppexport.eu\\\/wp-content\\\/uploads\\\/2022\\\/07\\\/header-afbeelding-min.png\",\"contentUrl\":\"https:\\\/\\\/www.ppexport.eu\\\/wp-content\\\/uploads\\\/2022\\\/07\\\/header-afbeelding-min.png\"},{\"@type\":\"BreadcrumbList\",\"@id\":\"https:\\\/\\\/www.ppexport.eu\\\/de\\\/blumen-grosshandel\\\/#breadcrumb\",\"itemListElement\":[{\"@type\":\"ListItem\",\"position\":1,\"name\":\"Home\",\"item\":\"https:\\\/\\\/www.ppexport.eu\\\/de\\\/\"},{\"@type\":\"ListItem\",\"position\":2,\"name\":\"Landingspagina &#8211; leverancier\"}]},{\"@type\":\"WebSite\",\"@id\":\"https:\\\/\\\/www.ppexport.eu\\\/#website\",\"url\":\"https:\\\/\\\/www.ppexport.eu\\\/\",\"name\":\"PP export\",\"description\":\"En nog een WordPress site\",\"potentialAction\":[{\"@type\":\"SearchAction\",\"target\":{\"@type\":\"EntryPoint\",\"urlTemplate\":\"https:\\\/\\\/www.ppexport.eu\\\/?s={search_term_string}\"},\"query-input\":{\"@type\":\"PropertyValueSpecification\",\"valueRequired\":true,\"valueName\":\"search_term_string\"}}],\"inLanguage\":\"de\"}]}<\/script>\n<!-- \/ Yoast SEO plugin. -->","yoast_head_json":{"title":"Pflanzen- und Blumen grosshandel | PPExport in den Niederlanden","description":"PPExport ist ein Pflanzen- und Blumen grosshandel in den Niederlanden. Kontaktieren Sie uns f\u00fcr weitere Informationen.","robots":{"index":"index","follow":"follow","max-snippet":"max-snippet:-1","max-image-preview":"max-image-preview:large","max-video-preview":"max-video-preview:-1"},"canonical":"https:\/\/www.ppexport.eu\/de\/blumen-grosshandel\/","og_locale":"de_DE","og_type":"article","og_title":"Pflanzen- und Blumen grosshandel | PPExport in den Niederlanden","og_description":"PPExport ist ein Pflanzen- und Blumen grosshandel in den Niederlanden. Kontaktieren Sie uns f\u00fcr weitere Informationen.","og_url":"https:\/\/www.ppexport.eu\/de\/blumen-grosshandel\/","og_site_name":"PP export","article_modified_time":"2024-12-12T14:44:55+00:00","og_image":[{"url":"https:\/\/www.ppexport.eu\/wp-content\/uploads\/2022\/07\/header-afbeelding-min.png","type":"","width":"","height":""}],"twitter_card":"summary_large_image","twitter_misc":{"Gesch\u00e4tzte Lesezeit":"3\u00a0Minuten"},"schema":{"@context":"https:\/\/schema.org","@graph":[{"@type":"WebPage","@id":"https:\/\/www.ppexport.eu\/de\/blumen-grosshandel\/","url":"https:\/\/www.ppexport.eu\/de\/blumen-grosshandel\/","name":"Pflanzen- und Blumen grosshandel | PPExport in den Niederlanden","isPartOf":{"@id":"https:\/\/www.ppexport.eu\/#website"},"primaryImageOfPage":{"@id":"https:\/\/www.ppexport.eu\/de\/blumen-grosshandel\/#primaryimage"},"image":{"@id":"https:\/\/www.ppexport.eu\/de\/blumen-grosshandel\/#primaryimage"},"thumbnailUrl":"https:\/\/www.ppexport.eu\/wp-content\/uploads\/2022\/07\/header-afbeelding-min.png","datePublished":"2022-07-27T10:15:11+00:00","dateModified":"2024-12-12T14:44:55+00:00","description":"PPExport ist ein Pflanzen- und Blumen grosshandel in den Niederlanden. Kontaktieren Sie uns f\u00fcr weitere Informationen.","breadcrumb":{"@id":"https:\/\/www.ppexport.eu\/de\/blumen-grosshandel\/#breadcrumb"},"inLanguage":"de","potentialAction":[{"@type":"ReadAction","target":["https:\/\/www.ppexport.eu\/de\/blumen-grosshandel\/"]}]},{"@type":"ImageObject","inLanguage":"de","@id":"https:\/\/www.ppexport.eu\/de\/blumen-grosshandel\/#primaryimage","url":"https:\/\/www.ppexport.eu\/wp-content\/uploads\/2022\/07\/header-afbeelding-min.png","contentUrl":"https:\/\/www.ppexport.eu\/wp-content\/uploads\/2022\/07\/header-afbeelding-min.png"},{"@type":"BreadcrumbList","@id":"https:\/\/www.ppexport.eu\/de\/blumen-grosshandel\/#breadcrumb","itemListElement":[{"@type":"ListItem","position":1,"name":"Home","item":"https:\/\/www.ppexport.eu\/de\/"},{"@type":"ListItem","position":2,"name":"Landingspagina &#8211; leverancier"}]},{"@type":"WebSite","@id":"https:\/\/www.ppexport.eu\/#website","url":"https:\/\/www.ppexport.eu\/","name":"PP export","description":"En nog een WordPress site","potentialAction":[{"@type":"SearchAction","target":{"@type":"EntryPoint","urlTemplate":"https:\/\/www.ppexport.eu\/?s={search_term_string}"},"query-input":{"@type":"PropertyValueSpecification","valueRequired":true,"valueName":"search_term_string"}}],"inLanguage":"de"}]}},"_links":{"self":[{"href":"https:\/\/www.ppexport.eu\/de\/wp-json\/wp\/v2\/pages\/809","targetHints":{"allow":["GET"]}}],"collection":[{"href":"https:\/\/www.ppexport.eu\/de\/wp-json\/wp\/v2\/pages"}],"about":[{"href":"https:\/\/www.ppexport.eu\/de\/wp-json\/wp\/v2\/types\/page"}],"author":[{"embeddable":true,"href":"https:\/\/www.ppexport.eu\/de\/wp-json\/wp\/v2\/users\/1"}],"replies":[{"embeddable":true,"href":"https:\/\/www.ppexport.eu\/de\/wp-json\/wp\/v2\/comments?post=809"}],"version-history":[{"count":22,"href":"https:\/\/www.ppexport.eu\/de\/wp-json\/wp\/v2\/pages\/809\/revisions"}],"predecessor-version":[{"id":1370,"href":"https:\/\/www.ppexport.eu\/de\/wp-json\/wp\/v2\/pages\/809\/revisions\/1370"}],"wp:attachment":[{"href":"https:\/\/www.ppexport.eu\/de\/wp-json\/wp\/v2\/media?parent=809"}],"curies":[{"name":"wp","href":"https:\/\/api.w.org\/{rel}","templated":true}]}}