{"id":811,"date":"2022-07-27T10:15:11","date_gmt":"2022-07-27T10:15:11","guid":{"rendered":"https:\/\/www.ppexport.eu\/?page_id=811"},"modified":"2024-12-12T15:46:06","modified_gmt":"2024-12-12T14:46:06","slug":"proveedor-de-flores","status":"publish","type":"page","link":"https:\/\/www.ppexport.eu\/es\/proveedor-de-flores\/","title":{"rendered":"Landingspagina &#8211; leverancier"},"content":{"rendered":"\t\t<div data-elementor-type=\"wp-page\" data-elementor-id=\"811\" class=\"elementor elementor-811 elementor-544\" data-elementor-post-type=\"page\">\n\t\t\t\t\t\t<section class=\"elementor-section elementor-top-section elementor-element elementor-element-7f990e64 elementor-reverse-mobile elementor-section-boxed elementor-section-height-default elementor-section-height-default\" data-id=\"7f990e64\" data-element_type=\"section\" data-e-type=\"section\" id=\"about\" data-settings=\"{&quot;background_background&quot;:&quot;classic&quot;}\">\n\t\t\t\t\t\t<div class=\"elementor-container elementor-column-gap-no\">\n\t\t\t\t\t<div class=\"elementor-column elementor-col-50 elementor-top-column elementor-element elementor-element-472deae9\" data-id=\"472deae9\" data-element_type=\"column\" data-e-type=\"column\">\n\t\t\t<div class=\"elementor-widget-wrap elementor-element-populated\">\n\t\t\t\t\t\t<div class=\"elementor-element elementor-element-7e35b3b elementor-widget elementor-widget-heading\" data-id=\"7e35b3b\" data-element_type=\"widget\" data-e-type=\"widget\" data-widget_type=\"heading.default\">\n\t\t\t\t<div class=\"elementor-widget-container\">\n\t\t\t\t\t<h1 class=\"elementor-heading-title elementor-size-large\">PPExport proveedor holand\u00e9s de flores y plantas<\/h1>\t\t\t\t<\/div>\n\t\t\t\t<\/div>\n\t\t\t\t<div class=\"elementor-element elementor-element-6ba344c3 elementor-widget elementor-widget-text-editor\" data-id=\"6ba344c3\" data-element_type=\"widget\" data-e-type=\"widget\" data-widget_type=\"text-editor.default\">\n\t\t\t\t<div class=\"elementor-widget-container\">\n\t\t\t\t\t\t\t\t\t<p><strong>PPExport es un proveedor de flores y plantas en los Pa\u00edses Bajos. Compramos flores y plantas y las exportamos desde la subasta de flores de Aalsmeer a Escandinavia, Europa Central, Europa del Este y Europa del Sur.<\/strong><\/p>\n<p>\u00bfTrabaja en un centro de jardiner\u00eda o en una florister\u00eda y quiere una gama m\u00e1s amplia de productos de alta calidad? PPExport ofrece un suministro \u00fanico a trav\u00e9s de nuestra propia red de cultivadores holandeses.<\/p>\n<p>Somos conocidos por nuestra flexibilidad y buen transporte. Nos centramos en la alta satisfacci\u00f3n del cliente, que conseguimos ofreciendo un alto nivel de servicio y una amplia gama de flores y plantas de alta calidad.<\/p>\n<p>Con nosotros no eres un n\u00famero y tratamos a todos los clientes por igual. Nos esforzamos al m\u00e1ximo.<\/p>\n<p>\u00bfEst\u00e1 interesado o desea m\u00e1s informaci\u00f3n? Solicite una demostraci\u00f3n y recibir\u00e1 un correo electr\u00f3nico con m\u00e1s informaci\u00f3n y una cuenta de prueba si es necesario.&nbsp;<\/p>\t\t\t\t\t\t\t\t<\/div>\n\t\t\t\t<\/div>\n\t\t\t\t<div class=\"elementor-element elementor-element-8523985 elementor-align-left elementor-mobile-align-center elementor-widget__width-auto elementor-widget elementor-widget-button\" data-id=\"8523985\" data-element_type=\"widget\" data-e-type=\"widget\" data-widget_type=\"button.default\">\n\t\t\t\t<div class=\"elementor-widget-container\">\n\t\t\t\t\t\t\t\t\t<div class=\"elementor-button-wrapper\">\n\t\t\t\t\t<a class=\"elementor-button elementor-button-link elementor-size-sm\" href=\"https:\/\/g5g2wr8rscq.typeform.com\/to\/Rgzmr3fx?utm_source=typeform&#038;utm_medium=landingspagina&#038;utm_campaign=ESP\">\n\t\t\t\t\t\t<span class=\"elementor-button-content-wrapper\">\n\t\t\t\t\t\t\t\t\t<span class=\"elementor-button-text\">Solicitud de demo<\/span>\n\t\t\t\t\t<\/span>\n\t\t\t\t\t<\/a>\n\t\t\t\t<\/div>\n\t\t\t\t\t\t\t\t<\/div>\n\t\t\t\t<\/div>\n\t\t\t\t\t<\/div>\n\t\t<\/div>\n\t\t\t\t<div class=\"elementor-column elementor-col-50 elementor-top-column elementor-element elementor-element-65c36674\" data-id=\"65c36674\" data-element_type=\"column\" data-e-type=\"column\">\n\t\t\t<div class=\"elementor-widget-wrap elementor-element-populated\">\n\t\t\t\t\t\t<div class=\"elementor-element elementor-element-f19eff2 elementor-invisible elementor-widget elementor-widget-image\" data-id=\"f19eff2\" data-element_type=\"widget\" data-e-type=\"widget\" data-settings=\"{&quot;_animation&quot;:&quot;fadeInRight&quot;}\" data-widget_type=\"image.default\">\n\t\t\t\t<div class=\"elementor-widget-container\">\n\t\t\t\t\t\t\t\t\t\t\t\t\t\t\t<img fetchpriority=\"high\" decoding=\"async\" width=\"800\" height=\"800\" src=\"https:\/\/www.ppexport.eu\/wp-content\/uploads\/2022\/07\/header-afbeelding-min.png\" class=\"attachment-large size-large wp-image-792\" alt=\"Bloemen groothandel\" srcset=\"https:\/\/www.ppexport.eu\/wp-content\/uploads\/2022\/07\/header-afbeelding-min.png 800w, https:\/\/www.ppexport.eu\/wp-content\/uploads\/2022\/07\/header-afbeelding-min-300x300.png 300w, https:\/\/www.ppexport.eu\/wp-content\/uploads\/2022\/07\/header-afbeelding-min-150x150.png 150w, https:\/\/www.ppexport.eu\/wp-content\/uploads\/2022\/07\/header-afbeelding-min-768x768.png 768w\" sizes=\"(max-width: 800px) 100vw, 800px\" \/>\t\t\t\t\t\t\t\t\t\t\t\t\t\t\t<\/div>\n\t\t\t\t<\/div>\n\t\t\t\t\t<\/div>\n\t\t<\/div>\n\t\t\t\t\t<\/div>\n\t\t<\/section>\n\t\t\t\t<section class=\"elementor-section elementor-top-section elementor-element elementor-element-fc961a3 elementor-section-full_width elementor-section-height-default elementor-section-height-default\" data-id=\"fc961a3\" data-element_type=\"section\" data-e-type=\"section\" id=\"diensten\" data-settings=\"{&quot;background_background&quot;:&quot;classic&quot;}\">\n\t\t\t\t\t\t<div class=\"elementor-container elementor-column-gap-no\">\n\t\t\t\t\t<div class=\"elementor-column elementor-col-50 elementor-top-column elementor-element elementor-element-6f0d68a elementor-hidden-phone\" data-id=\"6f0d68a\" data-element_type=\"column\" data-e-type=\"column\">\n\t\t\t<div class=\"elementor-widget-wrap\">\n\t\t\t\t\t\t\t<\/div>\n\t\t<\/div>\n\t\t\t\t<div class=\"elementor-column elementor-col-50 elementor-top-column elementor-element elementor-element-6aa6c4f\" data-id=\"6aa6c4f\" data-element_type=\"column\" data-e-type=\"column\" data-settings=\"{&quot;background_background&quot;:&quot;classic&quot;}\">\n\t\t\t<div class=\"elementor-widget-wrap elementor-element-populated\">\n\t\t\t\t\t\t<div class=\"elementor-element elementor-element-54308f8 elementor-widget elementor-widget-heading\" data-id=\"54308f8\" data-element_type=\"widget\" data-e-type=\"widget\" data-widget_type=\"heading.default\">\n\t\t\t\t<div class=\"elementor-widget-container\">\n\t\t\t\t\t<h3 class=\"elementor-heading-title elementor-size-large\">C\u00f3mo marcamos la diferencia<\/h3>\t\t\t\t<\/div>\n\t\t\t\t<\/div>\n\t\t\t\t<div class=\"elementor-element elementor-element-f479c99 elementor-widget elementor-widget-text-editor\" data-id=\"f479c99\" data-element_type=\"widget\" data-e-type=\"widget\" data-widget_type=\"text-editor.default\">\n\t\t\t\t<div class=\"elementor-widget-container\">\n\t\t\t\t\t\t\t\t\tGracias a nuestra estrecha colaboraci\u00f3n con los principales cultivadores, siempre tenemos acceso a plantas y flores de primera calidad a un precio justo. Mediante la elecci\u00f3n espec\u00edfica del color, el tipo de planta y la elecci\u00f3n ecol\u00f3gica del envase, podemos ofrecer constantemente la calidad deseada. Adem\u00e1s de la colaboraci\u00f3n con los cultivadores, tambi\u00e9n compramos diariamente a trav\u00e9s del reloj en Aalsmeer.\r\n\r\nNos gusta trabajar en una relaci\u00f3n estrecha y a largo plazo. Esto garantiza que podamos convertirnos en un proveedor fiable y ayudarle con un negocio saludable.\r\n\r\nCon nosotros, tiene una persona de contacto para que el contacto personal sea lo m\u00e1s agradable posible. Esto nos permite desahogarnos por completo.\t\t\t\t\t\t\t\t<\/div>\n\t\t\t\t<\/div>\n\t\t\t\t\t<\/div>\n\t\t<\/div>\n\t\t\t\t\t<\/div>\n\t\t<\/section>\n\t\t\t\t<section class=\"elementor-section elementor-top-section elementor-element elementor-element-ca610ce elementor-section-full_width elementor-section-height-default elementor-section-height-default\" data-id=\"ca610ce\" data-element_type=\"section\" data-e-type=\"section\" data-settings=\"{&quot;background_background&quot;:&quot;classic&quot;}\">\n\t\t\t\t\t\t<div class=\"elementor-container elementor-column-gap-no\">\n\t\t\t\t\t<div class=\"elementor-column elementor-col-50 elementor-top-column elementor-element elementor-element-e7324cf\" data-id=\"e7324cf\" data-element_type=\"column\" data-e-type=\"column\" data-settings=\"{&quot;background_background&quot;:&quot;classic&quot;}\">\n\t\t\t<div class=\"elementor-widget-wrap elementor-element-populated\">\n\t\t\t\t\t\t<div class=\"elementor-element elementor-element-cfd902f elementor-widget elementor-widget-heading\" data-id=\"cfd902f\" data-element_type=\"widget\" data-e-type=\"widget\" data-widget_type=\"heading.default\">\n\t\t\t\t<div class=\"elementor-widget-container\">\n\t\t\t\t\t<h3 class=\"elementor-heading-title elementor-size-large\">Transporte<\/h3>\t\t\t\t<\/div>\n\t\t\t\t<\/div>\n\t\t\t\t<div class=\"elementor-element elementor-element-c9a0f1c elementor-widget elementor-widget-text-editor\" data-id=\"c9a0f1c\" data-element_type=\"widget\" data-e-type=\"widget\" data-widget_type=\"text-editor.default\">\n\t\t\t\t<div class=\"elementor-widget-container\">\n\t\t\t\t\t\t\t\t\tContamos con una amplia y fiable red de transportistas experimentados que disponen de camiones acondicionados. Juntos, nos aseguramos de que sus plantas y flores se entreguen con la m\u00e1xima calidad.\r\n\r\nLos transportes diarios garantizan que los productos solicitados se entreguen lo antes posible. Esta r\u00e1pida cadena garantiza la frescura de las plantas y flores.\t\t\t\t\t\t\t\t<\/div>\n\t\t\t\t<\/div>\n\t\t\t\t\t<\/div>\n\t\t<\/div>\n\t\t\t\t<div class=\"elementor-column elementor-col-50 elementor-top-column elementor-element elementor-element-5964002\" data-id=\"5964002\" data-element_type=\"column\" data-e-type=\"column\">\n\t\t\t<div class=\"elementor-widget-wrap elementor-element-populated\">\n\t\t\t\t\t\t<div class=\"elementor-element elementor-element-79cc7b1 elementor-invisible elementor-widget elementor-widget-image\" data-id=\"79cc7b1\" data-element_type=\"widget\" data-e-type=\"widget\" data-settings=\"{&quot;_animation&quot;:&quot;fadeInRight&quot;}\" data-widget_type=\"image.default\">\n\t\t\t\t<div class=\"elementor-widget-container\">\n\t\t\t\t\t\t\t\t\t\t\t\t\t\t\t<img decoding=\"async\" width=\"800\" height=\"800\" src=\"https:\/\/www.ppexport.eu\/wp-content\/uploads\/2022\/07\/nick-min.png\" class=\"attachment-large size-large wp-image-800\" alt=\"Bloemen groothandel\" srcset=\"https:\/\/www.ppexport.eu\/wp-content\/uploads\/2022\/07\/nick-min.png 800w, https:\/\/www.ppexport.eu\/wp-content\/uploads\/2022\/07\/nick-min-300x300.png 300w, https:\/\/www.ppexport.eu\/wp-content\/uploads\/2022\/07\/nick-min-150x150.png 150w, https:\/\/www.ppexport.eu\/wp-content\/uploads\/2022\/07\/nick-min-768x768.png 768w\" sizes=\"(max-width: 800px) 100vw, 800px\" \/>\t\t\t\t\t\t\t\t\t\t\t\t\t\t\t<\/div>\n\t\t\t\t<\/div>\n\t\t\t\t\t<\/div>\n\t\t<\/div>\n\t\t\t\t\t<\/div>\n\t\t<\/section>\n\t\t\t\t<section class=\"elementor-section elementor-top-section elementor-element elementor-element-691fd14 elementor-section-content-middle elementor-section-full_width elementor-section-height-default elementor-section-height-default\" data-id=\"691fd14\" data-element_type=\"section\" data-e-type=\"section\" id=\"contact\">\n\t\t\t\t\t\t<div class=\"elementor-container elementor-column-gap-no\">\n\t\t\t\t\t<div class=\"elementor-column elementor-col-100 elementor-top-column elementor-element elementor-element-56754ff\" data-id=\"56754ff\" data-element_type=\"column\" data-e-type=\"column\" data-settings=\"{&quot;background_background&quot;:&quot;classic&quot;}\">\n\t\t\t<div class=\"elementor-widget-wrap elementor-element-populated\">\n\t\t\t\t\t\t<div class=\"elementor-element elementor-element-c11b8e8 elementor-widget elementor-widget-heading\" data-id=\"c11b8e8\" data-element_type=\"widget\" data-e-type=\"widget\" data-widget_type=\"heading.default\">\n\t\t\t\t<div class=\"elementor-widget-container\">\n\t\t\t\t\t<h4 class=\"elementor-heading-title elementor-size-large\">Contacto con nosotros<\/h4>\t\t\t\t<\/div>\n\t\t\t\t<\/div>\n\t\t\t\t<div class=\"elementor-element elementor-element-f5439ec elementor-widget elementor-widget-text-editor\" data-id=\"f5439ec\" data-element_type=\"widget\" data-e-type=\"widget\" data-widget_type=\"text-editor.default\">\n\t\t\t\t<div class=\"elementor-widget-container\">\n\t\t\t\t\t\t\t\t\t\u00bfTiene preguntas sobre nuestros servicios o una cuenta de prueba? Nuestro equipo est\u00e1 preparado para ayudarle.\t\t\t\t\t\t\t\t<\/div>\n\t\t\t\t<\/div>\n\t\t\t\t<div class=\"elementor-element elementor-element-28fb2a5 elementor-align-center elementor-mobile-align-center elementor-widget elementor-widget-button\" data-id=\"28fb2a5\" data-element_type=\"widget\" data-e-type=\"widget\" data-widget_type=\"button.default\">\n\t\t\t\t<div class=\"elementor-widget-container\">\n\t\t\t\t\t\t\t\t\t<div class=\"elementor-button-wrapper\">\n\t\t\t\t\t<a class=\"elementor-button elementor-button-link elementor-size-sm\" href=\"https:\/\/g5g2wr8rscq.typeform.com\/to\/Rgzmr3fx?utm_source=typeform&#038;utm_medium=landingspagina&#038;utm_campaign=ESP\">\n\t\t\t\t\t\t<span class=\"elementor-button-content-wrapper\">\n\t\t\t\t\t\t\t\t\t<span class=\"elementor-button-text\">Contacto con nosotros<\/span>\n\t\t\t\t\t<\/span>\n\t\t\t\t\t<\/a>\n\t\t\t\t<\/div>\n\t\t\t\t\t\t\t\t<\/div>\n\t\t\t\t<\/div>\n\t\t\t\t<div class=\"elementor-element elementor-element-c089593 elementor-widget elementor-widget-spacer\" data-id=\"c089593\" data-element_type=\"widget\" data-e-type=\"widget\" data-widget_type=\"spacer.default\">\n\t\t\t\t<div class=\"elementor-widget-container\">\n\t\t\t\t\t\t\t<div class=\"elementor-spacer\">\n\t\t\t<div class=\"elementor-spacer-inner\"><\/div>\n\t\t<\/div>\n\t\t\t\t\t\t<\/div>\n\t\t\t\t<\/div>\n\t\t\t\t<div class=\"elementor-element elementor-element-91964c7 elementor-widget elementor-widget-text-editor\" data-id=\"91964c7\" data-element_type=\"widget\" data-e-type=\"widget\" data-widget_type=\"text-editor.default\">\n\t\t\t\t<div class=\"elementor-widget-container\">\n\t\t\t\t\t\t\t\t\t<p>Volver a <a href=\"https:\/\/www.ppexport.eu\/es\/\">la p\u00e1gina de inicio &gt;<\/a><\/p>\t\t\t\t\t\t\t\t<\/div>\n\t\t\t\t<\/div>\n\t\t\t\t\t<\/div>\n\t\t<\/div>\n\t\t\t\t\t<\/div>\n\t\t<\/section>\n\t\t\t\t<\/div>\n\t\t","protected":false},"excerpt":{"rendered":"<p>PPExport proveedor holand\u00e9s de flores y plantas PPExport es un proveedor de flores y plantas en los Pa\u00edses Bajos. Compramos flores y plantas y las exportamos desde la subasta de flores de Aalsmeer a Escandinavia, Europa Central, Europa del Este y Europa del Sur. \u00bfTrabaja en un centro de jardiner\u00eda o en una florister\u00eda y [&hellip;]<\/p>\n","protected":false},"author":1,"featured_media":0,"parent":0,"menu_order":0,"comment_status":"closed","ping_status":"closed","template":"","meta":{"footnotes":""},"class_list":["post-811","page","type-page","status-publish","hentry"],"yoast_head":"<!-- This site is optimized with the Yoast SEO plugin v27.6 - https:\/\/yoast.com\/product\/yoast-seo-wordpress\/ -->\n<title>Proveedor de flores y plantas | PPExport en los Pa\u00edses Bajos<\/title>\n<meta name=\"description\" content=\"PPExport: Proveedor de flores en los Pa\u00edses Bajos: exportamos flores frescas de alta calidad desde Aalsmeer.\" \/>\n<meta name=\"robots\" content=\"index, follow, max-snippet:-1, max-image-preview:large, max-video-preview:-1\" \/>\n<link rel=\"canonical\" href=\"https:\/\/www.ppexport.eu\/es\/proveedor-de-flores\/\" \/>\n<meta property=\"og:locale\" content=\"es_ES\" \/>\n<meta property=\"og:type\" content=\"article\" \/>\n<meta property=\"og:title\" content=\"Proveedor de flores y plantas | PPExport en los Pa\u00edses Bajos\" \/>\n<meta property=\"og:description\" content=\"PPExport: Proveedor de flores en los Pa\u00edses Bajos: exportamos flores frescas de alta calidad desde Aalsmeer.\" \/>\n<meta property=\"og:url\" content=\"https:\/\/www.ppexport.eu\/es\/proveedor-de-flores\/\" \/>\n<meta property=\"og:site_name\" content=\"PP export\" \/>\n<meta property=\"article:modified_time\" content=\"2024-12-12T14:46:06+00:00\" \/>\n<meta property=\"og:image\" content=\"https:\/\/www.ppexport.eu\/wp-content\/uploads\/2022\/07\/header-afbeelding-min.png\" \/>\n<meta name=\"twitter:card\" content=\"summary_large_image\" \/>\n<meta name=\"twitter:label1\" content=\"Tiempo de lectura\" \/>\n\t<meta name=\"twitter:data1\" content=\"2 minutos\" \/>\n<script type=\"application\/ld+json\" class=\"yoast-schema-graph\">{\"@context\":\"https:\\\/\\\/schema.org\",\"@graph\":[{\"@type\":\"WebPage\",\"@id\":\"https:\\\/\\\/www.ppexport.eu\\\/es\\\/proveedor-de-flores\\\/\",\"url\":\"https:\\\/\\\/www.ppexport.eu\\\/es\\\/proveedor-de-flores\\\/\",\"name\":\"Proveedor de flores y plantas | PPExport en los Pa\u00edses Bajos\",\"isPartOf\":{\"@id\":\"https:\\\/\\\/www.ppexport.eu\\\/#website\"},\"primaryImageOfPage\":{\"@id\":\"https:\\\/\\\/www.ppexport.eu\\\/es\\\/proveedor-de-flores\\\/#primaryimage\"},\"image\":{\"@id\":\"https:\\\/\\\/www.ppexport.eu\\\/es\\\/proveedor-de-flores\\\/#primaryimage\"},\"thumbnailUrl\":\"https:\\\/\\\/www.ppexport.eu\\\/wp-content\\\/uploads\\\/2022\\\/07\\\/header-afbeelding-min.png\",\"datePublished\":\"2022-07-27T10:15:11+00:00\",\"dateModified\":\"2024-12-12T14:46:06+00:00\",\"description\":\"PPExport: Proveedor de flores en los Pa\u00edses Bajos: exportamos flores frescas de alta calidad desde Aalsmeer.\",\"breadcrumb\":{\"@id\":\"https:\\\/\\\/www.ppexport.eu\\\/es\\\/proveedor-de-flores\\\/#breadcrumb\"},\"inLanguage\":\"es\",\"potentialAction\":[{\"@type\":\"ReadAction\",\"target\":[\"https:\\\/\\\/www.ppexport.eu\\\/es\\\/proveedor-de-flores\\\/\"]}]},{\"@type\":\"ImageObject\",\"inLanguage\":\"es\",\"@id\":\"https:\\\/\\\/www.ppexport.eu\\\/es\\\/proveedor-de-flores\\\/#primaryimage\",\"url\":\"https:\\\/\\\/www.ppexport.eu\\\/wp-content\\\/uploads\\\/2022\\\/07\\\/header-afbeelding-min.png\",\"contentUrl\":\"https:\\\/\\\/www.ppexport.eu\\\/wp-content\\\/uploads\\\/2022\\\/07\\\/header-afbeelding-min.png\"},{\"@type\":\"BreadcrumbList\",\"@id\":\"https:\\\/\\\/www.ppexport.eu\\\/es\\\/proveedor-de-flores\\\/#breadcrumb\",\"itemListElement\":[{\"@type\":\"ListItem\",\"position\":1,\"name\":\"Home\",\"item\":\"https:\\\/\\\/www.ppexport.eu\\\/es\\\/\"},{\"@type\":\"ListItem\",\"position\":2,\"name\":\"Landingspagina &#8211; leverancier\"}]},{\"@type\":\"WebSite\",\"@id\":\"https:\\\/\\\/www.ppexport.eu\\\/#website\",\"url\":\"https:\\\/\\\/www.ppexport.eu\\\/\",\"name\":\"PP export\",\"description\":\"En nog een WordPress site\",\"potentialAction\":[{\"@type\":\"SearchAction\",\"target\":{\"@type\":\"EntryPoint\",\"urlTemplate\":\"https:\\\/\\\/www.ppexport.eu\\\/?s={search_term_string}\"},\"query-input\":{\"@type\":\"PropertyValueSpecification\",\"valueRequired\":true,\"valueName\":\"search_term_string\"}}],\"inLanguage\":\"es\"}]}<\/script>\n<!-- \/ Yoast SEO plugin. -->","yoast_head_json":{"title":"Proveedor de flores y plantas | PPExport en los Pa\u00edses Bajos","description":"PPExport: Proveedor de flores en los Pa\u00edses Bajos: exportamos flores frescas de alta calidad desde Aalsmeer.","robots":{"index":"index","follow":"follow","max-snippet":"max-snippet:-1","max-image-preview":"max-image-preview:large","max-video-preview":"max-video-preview:-1"},"canonical":"https:\/\/www.ppexport.eu\/es\/proveedor-de-flores\/","og_locale":"es_ES","og_type":"article","og_title":"Proveedor de flores y plantas | PPExport en los Pa\u00edses Bajos","og_description":"PPExport: Proveedor de flores en los Pa\u00edses Bajos: exportamos flores frescas de alta calidad desde Aalsmeer.","og_url":"https:\/\/www.ppexport.eu\/es\/proveedor-de-flores\/","og_site_name":"PP export","article_modified_time":"2024-12-12T14:46:06+00:00","og_image":[{"url":"https:\/\/www.ppexport.eu\/wp-content\/uploads\/2022\/07\/header-afbeelding-min.png","type":"","width":"","height":""}],"twitter_card":"summary_large_image","twitter_misc":{"Tiempo de lectura":"2 minutos"},"schema":{"@context":"https:\/\/schema.org","@graph":[{"@type":"WebPage","@id":"https:\/\/www.ppexport.eu\/es\/proveedor-de-flores\/","url":"https:\/\/www.ppexport.eu\/es\/proveedor-de-flores\/","name":"Proveedor de flores y plantas | PPExport en los Pa\u00edses Bajos","isPartOf":{"@id":"https:\/\/www.ppexport.eu\/#website"},"primaryImageOfPage":{"@id":"https:\/\/www.ppexport.eu\/es\/proveedor-de-flores\/#primaryimage"},"image":{"@id":"https:\/\/www.ppexport.eu\/es\/proveedor-de-flores\/#primaryimage"},"thumbnailUrl":"https:\/\/www.ppexport.eu\/wp-content\/uploads\/2022\/07\/header-afbeelding-min.png","datePublished":"2022-07-27T10:15:11+00:00","dateModified":"2024-12-12T14:46:06+00:00","description":"PPExport: Proveedor de flores en los Pa\u00edses Bajos: exportamos flores frescas de alta calidad desde Aalsmeer.","breadcrumb":{"@id":"https:\/\/www.ppexport.eu\/es\/proveedor-de-flores\/#breadcrumb"},"inLanguage":"es","potentialAction":[{"@type":"ReadAction","target":["https:\/\/www.ppexport.eu\/es\/proveedor-de-flores\/"]}]},{"@type":"ImageObject","inLanguage":"es","@id":"https:\/\/www.ppexport.eu\/es\/proveedor-de-flores\/#primaryimage","url":"https:\/\/www.ppexport.eu\/wp-content\/uploads\/2022\/07\/header-afbeelding-min.png","contentUrl":"https:\/\/www.ppexport.eu\/wp-content\/uploads\/2022\/07\/header-afbeelding-min.png"},{"@type":"BreadcrumbList","@id":"https:\/\/www.ppexport.eu\/es\/proveedor-de-flores\/#breadcrumb","itemListElement":[{"@type":"ListItem","position":1,"name":"Home","item":"https:\/\/www.ppexport.eu\/es\/"},{"@type":"ListItem","position":2,"name":"Landingspagina &#8211; leverancier"}]},{"@type":"WebSite","@id":"https:\/\/www.ppexport.eu\/#website","url":"https:\/\/www.ppexport.eu\/","name":"PP export","description":"En nog een WordPress site","potentialAction":[{"@type":"SearchAction","target":{"@type":"EntryPoint","urlTemplate":"https:\/\/www.ppexport.eu\/?s={search_term_string}"},"query-input":{"@type":"PropertyValueSpecification","valueRequired":true,"valueName":"search_term_string"}}],"inLanguage":"es"}]}},"_links":{"self":[{"href":"https:\/\/www.ppexport.eu\/es\/wp-json\/wp\/v2\/pages\/811","targetHints":{"allow":["GET"]}}],"collection":[{"href":"https:\/\/www.ppexport.eu\/es\/wp-json\/wp\/v2\/pages"}],"about":[{"href":"https:\/\/www.ppexport.eu\/es\/wp-json\/wp\/v2\/types\/page"}],"author":[{"embeddable":true,"href":"https:\/\/www.ppexport.eu\/es\/wp-json\/wp\/v2\/users\/1"}],"replies":[{"embeddable":true,"href":"https:\/\/www.ppexport.eu\/es\/wp-json\/wp\/v2\/comments?post=811"}],"version-history":[{"count":23,"href":"https:\/\/www.ppexport.eu\/es\/wp-json\/wp\/v2\/pages\/811\/revisions"}],"predecessor-version":[{"id":1376,"href":"https:\/\/www.ppexport.eu\/es\/wp-json\/wp\/v2\/pages\/811\/revisions\/1376"}],"wp:attachment":[{"href":"https:\/\/www.ppexport.eu\/es\/wp-json\/wp\/v2\/media?parent=811"}],"curies":[{"name":"wp","href":"https:\/\/api.w.org\/{rel}","templated":true}]}}