{"id":969,"date":"2023-05-10T08:50:39","date_gmt":"2023-05-10T08:50:39","guid":{"rendered":"https:\/\/www.ppexport.eu\/page-datterrissage-fournisseur\/"},"modified":"2024-12-12T15:43:34","modified_gmt":"2024-12-12T14:43:34","slug":"grossiste-fleurs","status":"publish","type":"page","link":"https:\/\/www.ppexport.eu\/fr\/grossiste-fleurs\/","title":{"rendered":"Page d&rsquo;atterrissage &#8211; fournisseur"},"content":{"rendered":"\t\t<div data-elementor-type=\"wp-page\" data-elementor-id=\"969\" class=\"elementor elementor-969 elementor-544\" data-elementor-post-type=\"page\">\n\t\t\t\t\t\t<section class=\"elementor-section elementor-top-section elementor-element elementor-element-7f990e64 elementor-reverse-mobile elementor-section-boxed elementor-section-height-default elementor-section-height-default\" data-id=\"7f990e64\" data-element_type=\"section\" data-e-type=\"section\" id=\"about\" data-settings=\"{&quot;background_background&quot;:&quot;classic&quot;}\">\n\t\t\t\t\t\t<div class=\"elementor-container elementor-column-gap-no\">\n\t\t\t\t\t<div class=\"elementor-column elementor-col-50 elementor-top-column elementor-element elementor-element-472deae9\" data-id=\"472deae9\" data-element_type=\"column\" data-e-type=\"column\">\n\t\t\t<div class=\"elementor-widget-wrap elementor-element-populated\">\n\t\t\t\t\t\t<div class=\"elementor-element elementor-element-7e35b3b elementor-widget elementor-widget-heading\" data-id=\"7e35b3b\" data-element_type=\"widget\" data-e-type=\"widget\" data-widget_type=\"heading.default\">\n\t\t\t\t<div class=\"elementor-widget-container\">\n\t\t\t\t\t<h1 class=\"elementor-heading-title elementor-size-large\">PPExport : Grossiste Fleurs et Plantes des Pays-Bas.<\/h1>\t\t\t\t<\/div>\n\t\t\t\t<\/div>\n\t\t\t\t<div class=\"elementor-element elementor-element-6ba344c3 elementor-widget elementor-widget-text-editor\" data-id=\"6ba344c3\" data-element_type=\"widget\" data-e-type=\"widget\" data-widget_type=\"text-editor.default\">\n\t\t\t\t<div class=\"elementor-widget-container\">\n\t\t\t\t\t\t\t\t\t<p><span style=\"font-weight: 400;\">PPExport est un Grossiste Fleurs et Plantes des Pays-Bas. Nous commandons des plantes et des fleurs puis les exportent depuis les ventes aux ench\u00e8res d\u2019Aalsmeer jusqu\u2019en Scandinavie, Europe Centrale, Europe de l\u2019est et aussi le sud de l\u2019Europe.<\/span><\/p><p><span style=\"font-weight: 400;\">Vous travaillez dans une jardinerie ou un magasin de fleurs et vous souhaitez disposer d\u2019une plus grande gamme de produits de haute qualit\u00e9\u00a0? PPexport vous propose une offre unique de par son r\u00e9seau de producteurs n\u00e9erlandais.<\/span><\/p><p><span style=\"font-weight: 400;\">Nous sommes r\u00e9put\u00e9s pour notre flexibilit\u00e9 et notre qualit\u00e9 de transport. Nous mettons l\u2019accent sur la satisfaction de nos clients en leur offrant un niveau de service sup\u00e9rieur et un grand catalogue de fleurs et plantes de qualit\u00e9s<\/span><\/p><p><span style=\"font-weight: 400;\">Chez nous, vous n\u2019\u00eates pas qu\u2019un num\u00e9ro et nous traitons chaque client de la m\u00eame mani\u00e8re. Nous allons plus loin.<\/span><\/p><p><span style=\"font-weight: 400;\">Etes -vous int\u00e9ress\u00e9 ou souhaitez-vous plus d\u2019information ? Demandez une d\u00e9mo et vous recevrez un e-mail de notre part avec plus d\u2019information et un essai.<\/span><\/p>\t\t\t\t\t\t\t\t<\/div>\n\t\t\t\t<\/div>\n\t\t\t\t<div class=\"elementor-element elementor-element-8523985 elementor-align-left elementor-mobile-align-center elementor-widget__width-auto elementor-widget elementor-widget-button\" data-id=\"8523985\" data-element_type=\"widget\" data-e-type=\"widget\" data-widget_type=\"button.default\">\n\t\t\t\t<div class=\"elementor-widget-container\">\n\t\t\t\t\t\t\t\t\t<div class=\"elementor-button-wrapper\">\n\t\t\t\t\t<a class=\"elementor-button elementor-button-link elementor-size-sm\" href=\"https:\/\/g5g2wr8rscq.typeform.com\/to\/wJcPOVH4?utm_source=typeform&#038;utm_medium=landingspagina&#038;utm_campaign=FR\">\n\t\t\t\t\t\t<span class=\"elementor-button-content-wrapper\">\n\t\t\t\t\t\t\t\t\t<span class=\"elementor-button-text\">Demander une d\u00e9mo<\/span>\n\t\t\t\t\t<\/span>\n\t\t\t\t\t<\/a>\n\t\t\t\t<\/div>\n\t\t\t\t\t\t\t\t<\/div>\n\t\t\t\t<\/div>\n\t\t\t\t\t<\/div>\n\t\t<\/div>\n\t\t\t\t<div class=\"elementor-column elementor-col-50 elementor-top-column elementor-element elementor-element-65c36674\" data-id=\"65c36674\" data-element_type=\"column\" data-e-type=\"column\">\n\t\t\t<div class=\"elementor-widget-wrap elementor-element-populated\">\n\t\t\t\t\t\t<div class=\"elementor-element elementor-element-f19eff2 elementor-invisible elementor-widget elementor-widget-image\" data-id=\"f19eff2\" data-element_type=\"widget\" data-e-type=\"widget\" data-settings=\"{&quot;_animation&quot;:&quot;fadeInRight&quot;}\" data-widget_type=\"image.default\">\n\t\t\t\t<div class=\"elementor-widget-container\">\n\t\t\t\t\t\t\t\t\t\t\t\t\t\t\t<img fetchpriority=\"high\" decoding=\"async\" width=\"800\" height=\"800\" src=\"https:\/\/www.ppexport.eu\/wp-content\/uploads\/2022\/07\/header-afbeelding-min.png\" class=\"attachment-large size-large wp-image-790\" alt=\"Bloemen groothandel\" srcset=\"https:\/\/www.ppexport.eu\/wp-content\/uploads\/2022\/07\/header-afbeelding-min.png 800w, https:\/\/www.ppexport.eu\/wp-content\/uploads\/2022\/07\/header-afbeelding-min-300x300.png 300w, https:\/\/www.ppexport.eu\/wp-content\/uploads\/2022\/07\/header-afbeelding-min-150x150.png 150w, https:\/\/www.ppexport.eu\/wp-content\/uploads\/2022\/07\/header-afbeelding-min-768x768.png 768w\" sizes=\"(max-width: 800px) 100vw, 800px\" \/>\t\t\t\t\t\t\t\t\t\t\t\t\t\t\t<\/div>\n\t\t\t\t<\/div>\n\t\t\t\t\t<\/div>\n\t\t<\/div>\n\t\t\t\t\t<\/div>\n\t\t<\/section>\n\t\t\t\t<section class=\"elementor-section elementor-top-section elementor-element elementor-element-fc961a3 elementor-section-full_width elementor-section-height-default elementor-section-height-default\" data-id=\"fc961a3\" data-element_type=\"section\" data-e-type=\"section\" id=\"diensten\" data-settings=\"{&quot;background_background&quot;:&quot;classic&quot;}\">\n\t\t\t\t\t\t<div class=\"elementor-container elementor-column-gap-no\">\n\t\t\t\t\t<div class=\"elementor-column elementor-col-50 elementor-top-column elementor-element elementor-element-6f0d68a elementor-hidden-phone\" data-id=\"6f0d68a\" data-element_type=\"column\" data-e-type=\"column\">\n\t\t\t<div class=\"elementor-widget-wrap\">\n\t\t\t\t\t\t\t<\/div>\n\t\t<\/div>\n\t\t\t\t<div class=\"elementor-column elementor-col-50 elementor-top-column elementor-element elementor-element-6aa6c4f\" data-id=\"6aa6c4f\" data-element_type=\"column\" data-e-type=\"column\" data-settings=\"{&quot;background_background&quot;:&quot;classic&quot;}\">\n\t\t\t<div class=\"elementor-widget-wrap elementor-element-populated\">\n\t\t\t\t\t\t<div class=\"elementor-element elementor-element-54308f8 elementor-widget elementor-widget-heading\" data-id=\"54308f8\" data-element_type=\"widget\" data-e-type=\"widget\" data-widget_type=\"heading.default\">\n\t\t\t\t<div class=\"elementor-widget-container\">\n\t\t\t\t\t<h3 class=\"elementor-heading-title elementor-size-large\">Comment faisons-nous la diff\u00e9rence<\/h3>\t\t\t\t<\/div>\n\t\t\t\t<\/div>\n\t\t\t\t<div class=\"elementor-element elementor-element-f479c99 elementor-widget elementor-widget-text-editor\" data-id=\"f479c99\" data-element_type=\"widget\" data-e-type=\"widget\" data-widget_type=\"text-editor.default\">\n\t\t\t\t<div class=\"elementor-widget-container\">\n\t\t\t\t\t\t\t\t\t<p><span style=\"font-weight: 400;\">Gr\u00e2ce \u00e0 notre \u00e9troite collaboration avec des producteurs de premier plan, nous avons toujours acc\u00e8s \u00e0 des plantes et des fleurs de la meilleure qualit\u00e9 \u00e0 un prix juste. En faisant des choix sp\u00e9cifiques concernant la couleur, le type de plante et l&#8217;emballage respectueux de l&rsquo;environnement, nous sommes toujours en mesure de fournir la qualit\u00e9 souhait\u00e9e. Outre la collaboration avec les producteurs, nous achetons quotidiennement \u00e0 Aalsmeer. Nous aimons travailler sur la base d&rsquo;une relation \u00e9troite et \u00e0 long terme. Cela nous permet de devenir un fournisseur fiable et de vous aider \u00e0 d\u00e9velopper une activit\u00e9 saine. Chez nous, vous disposez d&rsquo;une personne de contact pour rendre l\u2019\u00e9change le plus agr\u00e9able possible. Cela nous permet de vous soulager.<\/span><\/p>\n\t\t\t\t\t\t\t\t<\/div>\n\t\t\t\t<\/div>\n\t\t\t\t\t<\/div>\n\t\t<\/div>\n\t\t\t\t\t<\/div>\n\t\t<\/section>\n\t\t\t\t<section class=\"elementor-section elementor-top-section elementor-element elementor-element-ca610ce elementor-section-full_width elementor-section-height-default elementor-section-height-default\" data-id=\"ca610ce\" data-element_type=\"section\" data-e-type=\"section\" data-settings=\"{&quot;background_background&quot;:&quot;classic&quot;}\">\n\t\t\t\t\t\t<div class=\"elementor-container elementor-column-gap-no\">\n\t\t\t\t\t<div class=\"elementor-column elementor-col-50 elementor-top-column elementor-element elementor-element-e7324cf\" data-id=\"e7324cf\" data-element_type=\"column\" data-e-type=\"column\" data-settings=\"{&quot;background_background&quot;:&quot;classic&quot;}\">\n\t\t\t<div class=\"elementor-widget-wrap elementor-element-populated\">\n\t\t\t\t\t\t<div class=\"elementor-element elementor-element-cfd902f elementor-widget elementor-widget-heading\" data-id=\"cfd902f\" data-element_type=\"widget\" data-e-type=\"widget\" data-widget_type=\"heading.default\">\n\t\t\t\t<div class=\"elementor-widget-container\">\n\t\t\t\t\t<h3 class=\"elementor-heading-title elementor-size-large\">Transport<\/h3>\t\t\t\t<\/div>\n\t\t\t\t<\/div>\n\t\t\t\t<div class=\"elementor-element elementor-element-c9a0f1c elementor-widget elementor-widget-text-editor\" data-id=\"c9a0f1c\" data-element_type=\"widget\" data-e-type=\"widget\" data-widget_type=\"text-editor.default\">\n\t\t\t\t<div class=\"elementor-widget-container\">\n\t\t\t\t\t\t\t\t\t<p><span style=\"font-weight: 400;\">Nous disposons d&rsquo;un r\u00e9seau fiable et \u00e9tendu de transporteurs exp\u00e9riment\u00e9s qui disposent de camions climatis\u00e9s. Ensemble, nous veillons \u00e0 ce que vos plantes et fleurs vous soient livr\u00e9es dans une qualit\u00e9 optimale. Des transports quotidiens permettent de livrer les produits command\u00e9s dans les plus brefs d\u00e9lais. Cette cha\u00eene rapide garantit la fra\u00eecheur des plantes et des fleurs.<\/span><\/p>\n\t\t\t\t\t\t\t\t<\/div>\n\t\t\t\t<\/div>\n\t\t\t\t\t<\/div>\n\t\t<\/div>\n\t\t\t\t<div class=\"elementor-column elementor-col-50 elementor-top-column elementor-element elementor-element-5964002\" data-id=\"5964002\" data-element_type=\"column\" data-e-type=\"column\">\n\t\t\t<div class=\"elementor-widget-wrap elementor-element-populated\">\n\t\t\t\t\t\t<div class=\"elementor-element elementor-element-79cc7b1 elementor-invisible elementor-widget elementor-widget-image\" data-id=\"79cc7b1\" data-element_type=\"widget\" data-e-type=\"widget\" data-settings=\"{&quot;_animation&quot;:&quot;fadeInRight&quot;}\" data-widget_type=\"image.default\">\n\t\t\t\t<div class=\"elementor-widget-container\">\n\t\t\t\t\t\t\t\t\t\t\t\t\t\t\t<img decoding=\"async\" width=\"800\" height=\"800\" src=\"https:\/\/www.ppexport.eu\/wp-content\/uploads\/2022\/07\/nick-min.png\" class=\"attachment-large size-large wp-image-798\" alt=\"Bloemen groothandel\" srcset=\"https:\/\/www.ppexport.eu\/wp-content\/uploads\/2022\/07\/nick-min.png 800w, https:\/\/www.ppexport.eu\/wp-content\/uploads\/2022\/07\/nick-min-300x300.png 300w, https:\/\/www.ppexport.eu\/wp-content\/uploads\/2022\/07\/nick-min-150x150.png 150w, https:\/\/www.ppexport.eu\/wp-content\/uploads\/2022\/07\/nick-min-768x768.png 768w\" sizes=\"(max-width: 800px) 100vw, 800px\" \/>\t\t\t\t\t\t\t\t\t\t\t\t\t\t\t<\/div>\n\t\t\t\t<\/div>\n\t\t\t\t\t<\/div>\n\t\t<\/div>\n\t\t\t\t\t<\/div>\n\t\t<\/section>\n\t\t\t\t<section class=\"elementor-section elementor-top-section elementor-element elementor-element-691fd14 elementor-section-content-middle elementor-section-full_width elementor-section-height-default elementor-section-height-default\" data-id=\"691fd14\" data-element_type=\"section\" data-e-type=\"section\" id=\"contact\">\n\t\t\t\t\t\t<div class=\"elementor-container elementor-column-gap-no\">\n\t\t\t\t\t<div class=\"elementor-column elementor-col-100 elementor-top-column elementor-element elementor-element-56754ff\" data-id=\"56754ff\" data-element_type=\"column\" data-e-type=\"column\" data-settings=\"{&quot;background_background&quot;:&quot;classic&quot;}\">\n\t\t\t<div class=\"elementor-widget-wrap elementor-element-populated\">\n\t\t\t\t\t\t<div class=\"elementor-element elementor-element-c11b8e8 elementor-widget elementor-widget-heading\" data-id=\"c11b8e8\" data-element_type=\"widget\" data-e-type=\"widget\" data-widget_type=\"heading.default\">\n\t\t\t\t<div class=\"elementor-widget-container\">\n\t\t\t\t\t<h4 class=\"elementor-heading-title elementor-size-large\">Prendre contact<\/h4>\t\t\t\t<\/div>\n\t\t\t\t<\/div>\n\t\t\t\t<div class=\"elementor-element elementor-element-f5439ec elementor-widget elementor-widget-text-editor\" data-id=\"f5439ec\" data-element_type=\"widget\" data-e-type=\"widget\" data-widget_type=\"text-editor.default\">\n\t\t\t\t<div class=\"elementor-widget-container\">\n\t\t\t\t\t\t\t\t\t<p>Vous avez des questions sur nos services ou vous souhaitez obtenir un compte d&rsquo;essai ? Notre \u00e9quipe est pr\u00eate \u00e0 vous aider.<\/p>\n\t\t\t\t\t\t\t\t<\/div>\n\t\t\t\t<\/div>\n\t\t\t\t<div class=\"elementor-element elementor-element-28fb2a5 elementor-align-center elementor-mobile-align-center elementor-widget elementor-widget-button\" data-id=\"28fb2a5\" data-element_type=\"widget\" data-e-type=\"widget\" data-widget_type=\"button.default\">\n\t\t\t\t<div class=\"elementor-widget-container\">\n\t\t\t\t\t\t\t\t\t<div class=\"elementor-button-wrapper\">\n\t\t\t\t\t<a class=\"elementor-button elementor-button-link elementor-size-sm\" href=\"https:\/\/g5g2wr8rscq.typeform.com\/to\/wJcPOVH4?utm_source=typeform&#038;utm_medium=landingspagina&#038;utm_campaign=FR\">\n\t\t\t\t\t\t<span class=\"elementor-button-content-wrapper\">\n\t\t\t\t\t\t\t\t\t<span class=\"elementor-button-text\">Prendre contact<\/span>\n\t\t\t\t\t<\/span>\n\t\t\t\t\t<\/a>\n\t\t\t\t<\/div>\n\t\t\t\t\t\t\t\t<\/div>\n\t\t\t\t<\/div>\n\t\t\t\t<div class=\"elementor-element elementor-element-a0e4651 elementor-widget elementor-widget-spacer\" data-id=\"a0e4651\" data-element_type=\"widget\" data-e-type=\"widget\" data-widget_type=\"spacer.default\">\n\t\t\t\t<div class=\"elementor-widget-container\">\n\t\t\t\t\t\t\t<div class=\"elementor-spacer\">\n\t\t\t<div class=\"elementor-spacer-inner\"><\/div>\n\t\t<\/div>\n\t\t\t\t\t\t<\/div>\n\t\t\t\t<\/div>\n\t\t\t\t<div class=\"elementor-element elementor-element-8d84306 elementor-widget elementor-widget-text-editor\" data-id=\"8d84306\" data-element_type=\"widget\" data-e-type=\"widget\" data-widget_type=\"text-editor.default\">\n\t\t\t\t<div class=\"elementor-widget-container\">\n\t\t\t\t\t\t\t\t\t<p>Retour \u00e0 <a href=\"https:\/\/www.ppexport.eu\/fr\/\">la page d&rsquo;accueil &gt;<\/a><\/p>\t\t\t\t\t\t\t\t<\/div>\n\t\t\t\t<\/div>\n\t\t\t\t\t<\/div>\n\t\t<\/div>\n\t\t\t\t\t<\/div>\n\t\t<\/section>\n\t\t\t\t<\/div>\n\t\t","protected":false},"excerpt":{"rendered":"<p>PPExport : Grossiste Fleurs et Plantes des Pays-Bas. PPExport est un Grossiste Fleurs et Plantes des Pays-Bas. Nous commandons des plantes et des fleurs puis les exportent depuis les ventes aux ench\u00e8res d\u2019Aalsmeer jusqu\u2019en Scandinavie, Europe Centrale, Europe de l\u2019est et aussi le sud de l\u2019Europe. Vous travaillez dans une jardinerie ou un magasin de [&hellip;]<\/p>\n","protected":false},"author":1,"featured_media":0,"parent":0,"menu_order":0,"comment_status":"closed","ping_status":"closed","template":"","meta":{"footnotes":""},"class_list":["post-969","page","type-page","status-publish","hentry"],"yoast_head":"<!-- This site is optimized with the Yoast SEO plugin v27.6 - https:\/\/yoast.com\/product\/yoast-seo-wordpress\/ -->\n<title>Grossiste Fleurs et Plantes des Pays-Bas | PPExport<\/title>\n<meta name=\"description\" content=\"Grossiste Fleurs et Plantes des Pays-Bas. \u00c9couvrez notre large s\u00e9lection de fleurs fra\u00eeches de qualit\u00e9, en provenance directe d&#039;Aalsmeer.\" \/>\n<meta name=\"robots\" content=\"index, follow, max-snippet:-1, max-image-preview:large, max-video-preview:-1\" \/>\n<link rel=\"canonical\" href=\"https:\/\/www.ppexport.eu\/fr\/grossiste-fleurs\/\" \/>\n<meta property=\"og:locale\" content=\"fr_FR\" \/>\n<meta property=\"og:type\" content=\"article\" \/>\n<meta property=\"og:title\" content=\"Grossiste Fleurs et Plantes des Pays-Bas | PPExport\" \/>\n<meta property=\"og:description\" content=\"Grossiste Fleurs et Plantes des Pays-Bas. \u00c9couvrez notre large s\u00e9lection de fleurs fra\u00eeches de qualit\u00e9, en provenance directe d&#039;Aalsmeer.\" \/>\n<meta property=\"og:url\" content=\"https:\/\/www.ppexport.eu\/fr\/grossiste-fleurs\/\" \/>\n<meta property=\"og:site_name\" content=\"PP export\" \/>\n<meta property=\"article:modified_time\" content=\"2024-12-12T14:43:34+00:00\" \/>\n<meta property=\"og:image\" content=\"https:\/\/www.ppexport.eu\/wp-content\/uploads\/2022\/07\/header-afbeelding-min.png\" \/>\n<meta name=\"twitter:card\" content=\"summary_large_image\" \/>\n<meta name=\"twitter:label1\" content=\"Dur\u00e9e de lecture estim\u00e9e\" \/>\n\t<meta name=\"twitter:data1\" content=\"3 minutes\" \/>\n<script type=\"application\/ld+json\" class=\"yoast-schema-graph\">{\"@context\":\"https:\\\/\\\/schema.org\",\"@graph\":[{\"@type\":\"WebPage\",\"@id\":\"https:\\\/\\\/www.ppexport.eu\\\/fr\\\/grossiste-fleurs\\\/\",\"url\":\"https:\\\/\\\/www.ppexport.eu\\\/fr\\\/grossiste-fleurs\\\/\",\"name\":\"Grossiste Fleurs et Plantes des Pays-Bas | PPExport\",\"isPartOf\":{\"@id\":\"https:\\\/\\\/www.ppexport.eu\\\/#website\"},\"primaryImageOfPage\":{\"@id\":\"https:\\\/\\\/www.ppexport.eu\\\/fr\\\/grossiste-fleurs\\\/#primaryimage\"},\"image\":{\"@id\":\"https:\\\/\\\/www.ppexport.eu\\\/fr\\\/grossiste-fleurs\\\/#primaryimage\"},\"thumbnailUrl\":\"https:\\\/\\\/www.ppexport.eu\\\/wp-content\\\/uploads\\\/2022\\\/07\\\/header-afbeelding-min.png\",\"datePublished\":\"2023-05-10T08:50:39+00:00\",\"dateModified\":\"2024-12-12T14:43:34+00:00\",\"description\":\"Grossiste Fleurs et Plantes des Pays-Bas. \u00c9couvrez notre large s\u00e9lection de fleurs fra\u00eeches de qualit\u00e9, en provenance directe d'Aalsmeer.\",\"breadcrumb\":{\"@id\":\"https:\\\/\\\/www.ppexport.eu\\\/fr\\\/grossiste-fleurs\\\/#breadcrumb\"},\"inLanguage\":\"fr-FR\",\"potentialAction\":[{\"@type\":\"ReadAction\",\"target\":[\"https:\\\/\\\/www.ppexport.eu\\\/fr\\\/grossiste-fleurs\\\/\"]}]},{\"@type\":\"ImageObject\",\"inLanguage\":\"fr-FR\",\"@id\":\"https:\\\/\\\/www.ppexport.eu\\\/fr\\\/grossiste-fleurs\\\/#primaryimage\",\"url\":\"https:\\\/\\\/www.ppexport.eu\\\/wp-content\\\/uploads\\\/2022\\\/07\\\/header-afbeelding-min.png\",\"contentUrl\":\"https:\\\/\\\/www.ppexport.eu\\\/wp-content\\\/uploads\\\/2022\\\/07\\\/header-afbeelding-min.png\"},{\"@type\":\"BreadcrumbList\",\"@id\":\"https:\\\/\\\/www.ppexport.eu\\\/fr\\\/grossiste-fleurs\\\/#breadcrumb\",\"itemListElement\":[{\"@type\":\"ListItem\",\"position\":1,\"name\":\"Home\",\"item\":\"https:\\\/\\\/www.ppexport.eu\\\/fr\\\/\"},{\"@type\":\"ListItem\",\"position\":2,\"name\":\"Page d&rsquo;atterrissage &#8211; fournisseur\"}]},{\"@type\":\"WebSite\",\"@id\":\"https:\\\/\\\/www.ppexport.eu\\\/#website\",\"url\":\"https:\\\/\\\/www.ppexport.eu\\\/\",\"name\":\"PP export\",\"description\":\"En nog een WordPress site\",\"potentialAction\":[{\"@type\":\"SearchAction\",\"target\":{\"@type\":\"EntryPoint\",\"urlTemplate\":\"https:\\\/\\\/www.ppexport.eu\\\/?s={search_term_string}\"},\"query-input\":{\"@type\":\"PropertyValueSpecification\",\"valueRequired\":true,\"valueName\":\"search_term_string\"}}],\"inLanguage\":\"fr-FR\"}]}<\/script>\n<!-- \/ Yoast SEO plugin. -->","yoast_head_json":{"title":"Grossiste Fleurs et Plantes des Pays-Bas | PPExport","description":"Grossiste Fleurs et Plantes des Pays-Bas. \u00c9couvrez notre large s\u00e9lection de fleurs fra\u00eeches de qualit\u00e9, en provenance directe d'Aalsmeer.","robots":{"index":"index","follow":"follow","max-snippet":"max-snippet:-1","max-image-preview":"max-image-preview:large","max-video-preview":"max-video-preview:-1"},"canonical":"https:\/\/www.ppexport.eu\/fr\/grossiste-fleurs\/","og_locale":"fr_FR","og_type":"article","og_title":"Grossiste Fleurs et Plantes des Pays-Bas | PPExport","og_description":"Grossiste Fleurs et Plantes des Pays-Bas. \u00c9couvrez notre large s\u00e9lection de fleurs fra\u00eeches de qualit\u00e9, en provenance directe d'Aalsmeer.","og_url":"https:\/\/www.ppexport.eu\/fr\/grossiste-fleurs\/","og_site_name":"PP export","article_modified_time":"2024-12-12T14:43:34+00:00","og_image":[{"url":"https:\/\/www.ppexport.eu\/wp-content\/uploads\/2022\/07\/header-afbeelding-min.png","type":"","width":"","height":""}],"twitter_card":"summary_large_image","twitter_misc":{"Dur\u00e9e de lecture estim\u00e9e":"3 minutes"},"schema":{"@context":"https:\/\/schema.org","@graph":[{"@type":"WebPage","@id":"https:\/\/www.ppexport.eu\/fr\/grossiste-fleurs\/","url":"https:\/\/www.ppexport.eu\/fr\/grossiste-fleurs\/","name":"Grossiste Fleurs et Plantes des Pays-Bas | PPExport","isPartOf":{"@id":"https:\/\/www.ppexport.eu\/#website"},"primaryImageOfPage":{"@id":"https:\/\/www.ppexport.eu\/fr\/grossiste-fleurs\/#primaryimage"},"image":{"@id":"https:\/\/www.ppexport.eu\/fr\/grossiste-fleurs\/#primaryimage"},"thumbnailUrl":"https:\/\/www.ppexport.eu\/wp-content\/uploads\/2022\/07\/header-afbeelding-min.png","datePublished":"2023-05-10T08:50:39+00:00","dateModified":"2024-12-12T14:43:34+00:00","description":"Grossiste Fleurs et Plantes des Pays-Bas. \u00c9couvrez notre large s\u00e9lection de fleurs fra\u00eeches de qualit\u00e9, en provenance directe d'Aalsmeer.","breadcrumb":{"@id":"https:\/\/www.ppexport.eu\/fr\/grossiste-fleurs\/#breadcrumb"},"inLanguage":"fr-FR","potentialAction":[{"@type":"ReadAction","target":["https:\/\/www.ppexport.eu\/fr\/grossiste-fleurs\/"]}]},{"@type":"ImageObject","inLanguage":"fr-FR","@id":"https:\/\/www.ppexport.eu\/fr\/grossiste-fleurs\/#primaryimage","url":"https:\/\/www.ppexport.eu\/wp-content\/uploads\/2022\/07\/header-afbeelding-min.png","contentUrl":"https:\/\/www.ppexport.eu\/wp-content\/uploads\/2022\/07\/header-afbeelding-min.png"},{"@type":"BreadcrumbList","@id":"https:\/\/www.ppexport.eu\/fr\/grossiste-fleurs\/#breadcrumb","itemListElement":[{"@type":"ListItem","position":1,"name":"Home","item":"https:\/\/www.ppexport.eu\/fr\/"},{"@type":"ListItem","position":2,"name":"Page d&rsquo;atterrissage &#8211; fournisseur"}]},{"@type":"WebSite","@id":"https:\/\/www.ppexport.eu\/#website","url":"https:\/\/www.ppexport.eu\/","name":"PP export","description":"En nog een WordPress site","potentialAction":[{"@type":"SearchAction","target":{"@type":"EntryPoint","urlTemplate":"https:\/\/www.ppexport.eu\/?s={search_term_string}"},"query-input":{"@type":"PropertyValueSpecification","valueRequired":true,"valueName":"search_term_string"}}],"inLanguage":"fr-FR"}]}},"_links":{"self":[{"href":"https:\/\/www.ppexport.eu\/fr\/wp-json\/wp\/v2\/pages\/969","targetHints":{"allow":["GET"]}}],"collection":[{"href":"https:\/\/www.ppexport.eu\/fr\/wp-json\/wp\/v2\/pages"}],"about":[{"href":"https:\/\/www.ppexport.eu\/fr\/wp-json\/wp\/v2\/types\/page"}],"author":[{"embeddable":true,"href":"https:\/\/www.ppexport.eu\/fr\/wp-json\/wp\/v2\/users\/1"}],"replies":[{"embeddable":true,"href":"https:\/\/www.ppexport.eu\/fr\/wp-json\/wp\/v2\/comments?post=969"}],"version-history":[{"count":16,"href":"https:\/\/www.ppexport.eu\/fr\/wp-json\/wp\/v2\/pages\/969\/revisions"}],"predecessor-version":[{"id":1364,"href":"https:\/\/www.ppexport.eu\/fr\/wp-json\/wp\/v2\/pages\/969\/revisions\/1364"}],"wp:attachment":[{"href":"https:\/\/www.ppexport.eu\/fr\/wp-json\/wp\/v2\/media?parent=969"}],"curies":[{"name":"wp","href":"https:\/\/api.w.org\/{rel}","templated":true}]}}